{"id":1288,"date":"2024-06-05T15:52:49","date_gmt":"2024-06-05T13:52:49","guid":{"rendered":"https:\/\/www.passbrains.com\/?page_id=1288"},"modified":"2024-08-07T13:21:04","modified_gmt":"2024-08-07T11:21:04","slug":"imprint","status":"publish","type":"page","link":"https:\/\/www.passbrains.com\/en\/imprint\/","title":{"rendered":"Imprint"},"content":{"rendered":"<p>[et_pb_section fb_built=&#8220;1&#8243; _builder_version=&#8220;4.24.2&#8243; _module_preset=&#8220;default&#8220; background_color=&#8220;#FFFFFF&#8220; global_colors_info=&#8220;{}&#8220;][et_pb_row _builder_version=&#8220;4.24.2&#8243; _module_preset=&#8220;default&#8220; global_colors_info=&#8220;{}&#8220;][et_pb_column type=&#8220;4_4&#8243; _builder_version=&#8220;4.24.2&#8243; _module_preset=&#8220;default&#8220; global_colors_info=&#8220;{}&#8220;][et_pb_text _builder_version=&#8220;4.25.2&#8243; _module_preset=&#8220;1c8dc849-53ec-4450-8175-e9846c441cd1&#8243; text_text_color=&#8220;#000000&#8243; header_text_color=&#8220;#A01441&#8243; header_4_text_color=&#8220;#000000&#8243; hover_enabled=&#8220;0&#8243; header_font_size_tablet=&#8220;36px&#8220; header_font_size_phone=&#8220;&#8220; header_font_size_last_edited=&#8220;on|phone&#8220; global_colors_info=&#8220;{}&#8220; sticky_enabled=&#8220;0&#8243;]<\/p>\n<h1>Impressum<\/h1>\n<p>&nbsp;<\/p>\n<h4><span style=\"color: #333333;\">passbrains ag<\/span><\/h4>\n<p><span>Thurgauerstrasse 39<\/span><br \/><span style=\"color: #333333;\">CH-<span>8050 Z\u00fcrich<br \/><\/span><\/span><span style=\"color: #333333;\"><span>Schweiz<br \/><\/span><\/span>UID-Nr: CHE-113.983.299<\/p>\n<p>E-Mail:<span>\u00a0<\/span><a href=\"mailto:info@passbrains.com\">info@passbrains.com<\/a><br \/>Telefon: <span><span class=\"ui-provider a b c d e f g h i j k l m n o p q r s t u v w x y z ab ac ae af ag ah ai aj ak\" dir=\"ltr\">+41 43 38862-20<\/span><\/span><\/p>\n<p><span style=\"color: #333333;\"><span><br \/><\/span><\/span><span style=\"color: #333333;\"><span><\/span><\/span><\/p>\n<h4><span style=\"color: #333333;\"><span>Bevollm\u00e4chtigte Vertreter<\/span><\/span><\/h4>\n<p><span style=\"color: #333333;\"><span>Recardo Jackson, Gesch\u00e4ftsf\u00fchrer<br \/>Oskar Zodel, Verwaltungsvorstand<\/span><\/span><\/p>\n<p>&nbsp;<\/p>\n<h4>msg-Gruppe<span style=\"color: #333333;\"><\/span><span style=\"color: #333333;\"><span><\/span><\/span><\/h4>\n<p>Die passbrains ag geh\u00f6rt zur msg, einer unabh\u00e4ngigen Unternehmensgruppe mit mehr als 10.000 Mitarbeitenden. Die msg-Gruppe ist in 31 L\u00e4ndern in den Branchen Banking, Insurance, Automotive, Food, Life Science &amp; Healthcare, Public Sector, Telecommunications, Travel &amp; Logistics sowie Utilities t\u00e4tig, entwickelt ganzheitliche Softwarel\u00f6sungen und ber\u00e4t ihre Kunden in allen Belangen der Informations-Technologie.<\/p>\n<p>[\/et_pb_text][\/et_pb_column][\/et_pb_row][\/et_pb_section]<\/p>\n","protected":false},"excerpt":{"rendered":"<p>Impressum &nbsp; passbrains ag Thurgauerstrasse 39CH-8050 Z\u00fcrichSchweizUID-Nr: CHE-113.983.299 E-Mail:\u00a0info@passbrains.comTelefon: +41 43 38862-20 Bevollm\u00e4chtigte Vertreter Recardo Jackson, Gesch\u00e4ftsf\u00fchrerOskar Zodel, Verwaltungsvorstand &nbsp; msg-Gruppe Die passbrains ag geh\u00f6rt zur msg, einer unabh\u00e4ngigen Unternehmensgruppe mit mehr als 10.000 Mitarbeitenden. Die msg-Gruppe ist in 31 L\u00e4ndern in den Branchen Banking, Insurance, Automotive, Food, Life Science &amp; Healthcare, Public Sector, Telecommunications, Travel &amp; Logistics sowie Utilities t\u00e4tig, entwickelt ganzheitliche Softwarel\u00f6sungen und ber\u00e4t ihre Kunden in allen Belangen der Informations-Technologie.<\/p>","protected":false},"author":5,"featured_media":0,"parent":0,"menu_order":0,"comment_status":"closed","ping_status":"closed","template":"","meta":{"_et_pb_use_builder":"on","_et_pb_old_content":"","_et_gb_content_width":"","footnotes":""},"class_list":["post-1288","page","type-page","status-publish","hentry"],"_links":{"self":[{"href":"https:\/\/www.passbrains.com\/en\/wp-json\/wp\/v2\/pages\/1288","targetHints":{"allow":["GET"]}}],"collection":[{"href":"https:\/\/www.passbrains.com\/en\/wp-json\/wp\/v2\/pages"}],"about":[{"href":"https:\/\/www.passbrains.com\/en\/wp-json\/wp\/v2\/types\/page"}],"author":[{"embeddable":true,"href":"https:\/\/www.passbrains.com\/en\/wp-json\/wp\/v2\/users\/5"}],"replies":[{"embeddable":true,"href":"https:\/\/www.passbrains.com\/en\/wp-json\/wp\/v2\/comments?post=1288"}],"version-history":[{"count":12,"href":"https:\/\/www.passbrains.com\/en\/wp-json\/wp\/v2\/pages\/1288\/revisions"}],"predecessor-version":[{"id":1794,"href":"https:\/\/www.passbrains.com\/en\/wp-json\/wp\/v2\/pages\/1288\/revisions\/1794"}],"wp:attachment":[{"href":"https:\/\/www.passbrains.com\/en\/wp-json\/wp\/v2\/media?parent=1288"}],"curies":[{"name":"wp","href":"https:\/\/api.w.org\/{rel}","templated":true}]}}