{"id":1404,"date":"2024-06-04T16:09:29","date_gmt":"2024-06-04T14:09:29","guid":{"rendered":"https:\/\/www.passbrains.com\/?page_id=1404"},"modified":"2025-11-18T13:27:50","modified_gmt":"2025-11-18T12:27:50","slug":"about-us","status":"publish","type":"page","link":"https:\/\/www.passbrains.com\/en\/about-us\/","title":{"rendered":"About Us"},"content":{"rendered":"<p>[et_pb_section fb_built=&#8220;1&#8243; _builder_version=&#8220;4.24.2&#8243; _module_preset=&#8220;default&#8220; background_color=&#8220;#FFFFFF&#8220; global_colors_info=&#8220;{}&#8220;][et_pb_row _builder_version=&#8220;4.24.2&#8243; _module_preset=&#8220;default&#8220; global_colors_info=&#8220;{}&#8220;][et_pb_column type=&#8220;4_4&#8243; _builder_version=&#8220;4.24.2&#8243; _module_preset=&#8220;default&#8220; global_colors_info=&#8220;{}&#8220;][et_pb_text _builder_version=&#8220;4.25.2&#8243; _module_preset=&#8220;1c8dc849-53ec-4450-8175-e9846c441cd1&#8243; header_font=&#8220;||||||||&#8220; header_font_size_tablet=&#8220;36px&#8220; global_colors_info=&#8220;{}&#8220;]<\/p>\n<h1 style=\"text-align: center;\"><span style=\"color: #a01441;\">\u00dcber Uns<\/span><\/h1>\n<p>[\/et_pb_text][\/et_pb_column][\/et_pb_row][et_pb_row _builder_version=&#8220;4.25.1&#8243; _module_preset=&#8220;default&#8220; global_colors_info=&#8220;{}&#8220;][et_pb_column type=&#8220;4_4&#8243; _builder_version=&#8220;4.25.1&#8243; _module_preset=&#8220;default&#8220; global_colors_info=&#8220;{}&#8220;][et_pb_text _builder_version=&#8220;4.27.4&#8243; _module_preset=&#8220;1c8dc849-53ec-4450-8175-e9846c441cd1&#8243; text_font_size=&#8220;16px&#8220; text_line_height=&#8220;1.8em&#8220; global_colors_info=&#8220;{}&#8220;]<\/p>\n<p>Willkommen bei passbrains AG, Ihrem f\u00fchrenden Partner f\u00fcr innovative Software- und Hardware-Qualit\u00e4tssicherung mit Sitz in der Schweiz. Mit einem globalen Netzwerk von Experten, sind wir darauf spezialisiert, die h\u00f6chsten Standards in der Qualit\u00e4tssicherung und Testdienstleistungen zu setzen. Seit unserer Gr\u00fcndung 2011 haben wir uns dem Ziel verschrieben, unseren Kunden ma\u00dfgeschneiderte L\u00f6sungen zu bieten, die ihre individuellen Anforderungen optimal erf\u00fcllen. Seit 2020 sind wir Teil der msg-Gruppe. So konnten wir unser Portfolio an Dienstleistungen erweitern und nun in allen Bereichen von Software Testing, bspw. Automatisiertes Testen, Barrierefreiheitstests und Performance Tests, unterst\u00fctzen.<\/p>\n<p>[\/et_pb_text][\/et_pb_column][\/et_pb_row][et_pb_row column_structure=&#8220;1_2,1_2&#8243; _builder_version=&#8220;4.27.4&#8243; _module_preset=&#8220;default&#8220; custom_padding=&#8220;100px||100px||false|false&#8220; locked=&#8220;off&#8220; global_colors_info=&#8220;{}&#8220;][et_pb_column type=&#8220;1_2&#8243; _builder_version=&#8220;4.25.2&#8243; _module_preset=&#8220;default&#8220; global_colors_info=&#8220;{}&#8220;][et_pb_text _builder_version=&#8220;4.27.4&#8243; _module_preset=&#8220;1c8dc849-53ec-4450-8175-e9846c441cd1&#8243; text_font=&#8220;||||||||&#8220; text_font_size=&#8220;16px&#8220; text_line_height=&#8220;1.8em&#8220; header_font=&#8220;||||||||&#8220; header_text_align=&#8220;left&#8220; header_2_font=&#8220;||||||||&#8220; header_3_font=&#8220;||||||||&#8220; module_alignment=&#8220;center&#8220; global_colors_info=&#8220;{}&#8220;]<\/p>\n<h2>Unsere Mission<\/h2>\n<p>Unsere Mission ist es, Unternehmen dabei zu unterst\u00fctzen, ihre Software- und Hardwareprodukte zuverl\u00e4ssig und fehlerfrei auf den Markt zu bringen. Durch den Einsatz modernster Technologien und Methoden in der Qualit\u00e4tssicherung \u00fcberpr\u00fcfen wir, ob Ihre Produkte den h\u00f6chsten Qualit\u00e4tsanspr\u00fcchen gen\u00fcgen. Wir verstehen uns als Partner unserer Kunden und arbeiten eng mit ihnen zusammen, um ihre Ziele zu erreichen.<\/p>\n<p>[\/et_pb_text][\/et_pb_column][et_pb_column type=&#8220;1_2&#8243; _builder_version=&#8220;4.25.2&#8243; _module_preset=&#8220;default&#8220; global_colors_info=&#8220;{}&#8220;][et_pb_image src=&#8220;https:\/\/www.passbrains.com\/wp-content\/uploads\/2025\/05\/AdobeStock_239487463-2.webp&#8220; alt=&#8220;Zwei Bergsteiger mit Rucks\u00e4cken stehen jubelnd auf einem Gipfel und blicken in die Ferne \u00fcber mehrere Bergketten \u2013 Symbol f\u00fcr Teamarbeit, Zielerreichung und Ausdauer.&#8220; title_text=&#8220;erfolgreiche-zielerreichung-gipfel-teamarbeit-bergsteiger&#8220; align_tablet=&#8220;center&#8220; align_phone=&#8220;center&#8220; align_last_edited=&#8220;on|desktop&#8220; admin_label=&#8220;Illustration&#8220; _builder_version=&#8220;4.27.4&#8243; _module_preset=&#8220;default&#8220; z_index=&#8220;5&#8243; custom_margin=&#8220;||||false|false&#8220; animation_style=&#8220;slide&#8220; animation_direction=&#8220;right&#8220; animation_delay=&#8220;100ms&#8220; animation_intensity_slide=&#8220;10%&#8220; border_radii=&#8220;on|15px|15px|15px|15px&#8220; border_radii_tablet=&#8220;on|15px|15px|15px|15px&#8220; border_radii_phone=&#8220;on|15px|15px|15px|15px&#8220; border_radii_last_edited=&#8220;on|desktop&#8220; box_shadow_style=&#8220;preset1&#8243; global_colors_info=&#8220;{}&#8220; background__hover_enabled=&#8220;on|hover&#8220;][\/et_pb_image][\/et_pb_column][\/et_pb_row][et_pb_row _builder_version=&#8220;4.27.4&#8243; _module_preset=&#8220;default&#8220; custom_margin=&#8220;||||false|false&#8220; custom_padding=&#8220;||0px||false|false&#8220; locked=&#8220;off&#8220; global_colors_info=&#8220;{}&#8220;][et_pb_column type=&#8220;4_4&#8243; _builder_version=&#8220;4.25.2&#8243; _module_preset=&#8220;default&#8220; global_colors_info=&#8220;{}&#8220;][et_pb_text _builder_version=&#8220;4.25.2&#8243; _module_preset=&#8220;1c8dc849-53ec-4450-8175-e9846c441cd1&#8243; text_font=&#8220;||||||||&#8220; text_font_size=&#8220;16px&#8220; text_line_height=&#8220;1.8em&#8220; header_font=&#8220;||||||||&#8220; header_text_align=&#8220;left&#8220; header_2_font=&#8220;||||||||&#8220; header_3_font=&#8220;||||||||&#8220; module_alignment=&#8220;center&#8220; global_colors_info=&#8220;{}&#8220;]<\/p>\n<h2 style=\"text-align: center;\">Unser Team<\/h2>\n<p>Unser Erfolg basiert auf unserem hochqualifizierten Team von Testenden und Expert:innen, die weltweit im Einsatz sind. Wir setzen auf kontinuierliche Weiterbildung und den Austausch von Best Practices, um stets auf dem neuesten Stand der Technik zu bleiben. Unsere Mitarbeitenden sind nicht nur spezialisiert in ihrem Fachgebiet, sondern auch passioniert im Probleml\u00f6sen, um sich f\u00fcr die Qualit\u00e4t Ihrer Produkte einzusetzen.<\/p>\n<ul><\/ul>\n<p>[\/et_pb_text][\/et_pb_column][\/et_pb_row][et_pb_row column_structure=&#8220;1_2,1_2&#8243; _builder_version=&#8220;4.24.2&#8243; _module_preset=&#8220;default&#8220; locked=&#8220;off&#8220; global_colors_info=&#8220;{}&#8220;][et_pb_column type=&#8220;1_2&#8243; _builder_version=&#8220;4.24.2&#8243; _module_preset=&#8220;default&#8220; global_colors_info=&#8220;{}&#8220;][dsm_card title=&#8220;Stephan Ingerberg&#8220; subtitle=&#8220;Lead Sales Manager&#8220; image=&#8220;https:\/\/www.passbrains.com\/wp-content\/uploads\/2025\/11\/Stephan_Ingerberg.webp&#8220; image_as_background=&#8220;off&#8220; stretch_image=&#8220;off&#8220; image_alignment=&#8220;center&#8220; alt=&#8220;Ein Portr\u00e4t von Stephan Ingerberg in Anzug und wei\u00dfem Hemd.&#8220; button_url_new_window=&#8220;1&#8243; image_width_tablet=&#8220;100%&#8220; image_width_phone=&#8220;100%&#8220; image_width_last_edited=&#8220;on|phone&#8220; _builder_version=&#8220;4.27.4&#8243; _module_preset=&#8220;default&#8220; text_orientation=&#8220;center&#8220; max_width=&#8220;70%&#8220; max_width_tablet=&#8220;50%&#8220; max_width_phone=&#8220;70%&#8220; max_width_last_edited=&#8220;on|desktop&#8220; module_alignment=&#8220;center&#8220; animation_style=&#8220;slide&#8220; animation_intensity_slide=&#8220;10%&#8220; hover_enabled=&#8220;0&#8243; text_orientation_tablet=&#8220;center&#8220; text_orientation_phone=&#8220;center&#8220; text_orientation_last_edited=&#8220;on|phone&#8220; border_radii_image=&#8220;on|15px|15px|15px|15px&#8220; box_shadow_style_image=&#8220;preset1&#8243; global_colors_info=&#8220;{}&#8220; title_text=&#8220;stephan-ingerberg-msg&#8220; sticky_enabled=&#8220;0&#8243;]<\/p>\n<p><a href=\"mailto:stephan.ingerberg@msg.group\">stephan.ingerberg@msg.group<\/a><br \/>+49 172 4634439<\/p>\n<p>[\/dsm_card][et_pb_icon font_icon=&#8220;&#xe09d;||divi||400&#8243; icon_width=&#8220;25px&#8220; url=&#8220;https:\/\/www.linkedin.com\/in\/stephan-ingerberg-digital-transformation\/&#8220; url_new_window=&#8220;on&#8220; _builder_version=&#8220;4.27.4&#8243; _module_preset=&#8220;default&#8220; custom_margin=&#8220;-25px||||false|false&#8220; custom_margin_tablet=&#8220;-25px||||false|false&#8220; custom_margin_phone=&#8220;-25px||||false|false&#8220; custom_margin_last_edited=&#8220;on|phone&#8220; animation_style=&#8220;slide&#8220; animation_intensity_slide=&#8220;10%&#8220; hover_enabled=&#8220;0&#8243; global_colors_info=&#8220;{}&#8220; sticky_enabled=&#8220;0&#8243;][\/et_pb_icon][\/et_pb_column][et_pb_column type=&#8220;1_2&#8243; _builder_version=&#8220;4.27.4&#8243; _module_preset=&#8220;default&#8220; global_colors_info=&#8220;{}&#8220;][dsm_card title=&#8220;Claudia Figura&#8220; subtitle=&#8220;Head of Crowdtesting&#8220; image=&#8220;https:\/\/www.passbrains.com\/wp-content\/uploads\/2025\/05\/Neues_Bild.webp&#8220; image_as_background=&#8220;off&#8220; stretch_image=&#8220;off&#8220; image_alignment=&#8220;center&#8220; alt=&#8220;Ein Portr\u00e4t von Claudia Figura in Anzug und wei\u00dfem Hemd.&#8220; button_url_new_window=&#8220;1&#8243; image_width_tablet=&#8220;100%&#8220; image_width_phone=&#8220;100%&#8220; image_width_last_edited=&#8220;on|phone&#8220; _builder_version=&#8220;4.27.4&#8243; _module_preset=&#8220;default&#8220; text_orientation=&#8220;center&#8220; max_width=&#8220;70%&#8220; max_width_tablet=&#8220;50%&#8220; max_width_phone=&#8220;70%&#8220; max_width_last_edited=&#8220;on|desktop&#8220; module_alignment=&#8220;center&#8220; animation_style=&#8220;slide&#8220; animation_delay=&#8220;100ms&#8220; animation_intensity_slide=&#8220;10%&#8220; text_orientation_tablet=&#8220;center&#8220; text_orientation_phone=&#8220;center&#8220; text_orientation_last_edited=&#8220;on|phone&#8220; border_radii_image=&#8220;on|15px|15px|15px|15px&#8220; box_shadow_style_image=&#8220;preset1&#8243; global_colors_info=&#8220;{}&#8220;]<\/p>\n<p><a href=\"mailto:claudia.figura@msg.group\">claudia.figura@msg.group<\/a><br \/>+49 173 6619290<\/p>\n<p>[\/dsm_card][et_pb_icon font_icon=&#8220;&#xe09d;||divi||400&#8243; icon_width=&#8220;25px&#8220; url=&#8220;https:\/\/www.linkedin.com\/in\/claudia-figura-17192283\/&#8220; url_new_window=&#8220;on&#8220; _builder_version=&#8220;4.27.4&#8243; _module_preset=&#8220;default&#8220; custom_margin=&#8220;-25px||||false|false&#8220; custom_margin_tablet=&#8220;-25px||||false|false&#8220; custom_margin_phone=&#8220;-25px||||false|false&#8220; custom_margin_last_edited=&#8220;on|phone&#8220; animation_style=&#8220;slide&#8220; animation_delay=&#8220;100ms&#8220; animation_intensity_slide=&#8220;10%&#8220; global_colors_info=&#8220;{}&#8220;][\/et_pb_icon][\/et_pb_column][\/et_pb_row][\/et_pb_section][et_pb_section fb_built=&#8220;1&#8243; admin_label=&#8220;Testimonial&#8220; _builder_version=&#8220;4.25.1&#8243; background_color=&#8220;#FAFAFC&#8220; background_enable_image=&#8220;off&#8220; background_size=&#8220;custom&#8220; custom_padding=&#8220;0px||0px||false|false&#8220; locked=&#8220;off&#8220; global_colors_info=&#8220;{}&#8220;][et_pb_row column_structure=&#8220;1_2,1_2&#8243; module_class=&#8220; et_pb_row_fullwidth&#8220; _builder_version=&#8220;4.24.2&#8243; width_tablet=&#8220;80%&#8220; width_phone=&#8220;80%&#8220; width_last_edited=&#8220;on|desktop&#8220; max_width_tablet=&#8220;80%&#8220; max_width_phone=&#8220;80%&#8220; max_width_last_edited=&#8220;on|desktop&#8220; custom_margin=&#8220;||||false|false&#8220; custom_padding=&#8220;100px||100px||false|false&#8220; make_fullwidth=&#8220;on&#8220; global_colors_info=&#8220;{}&#8220;][et_pb_column type=&#8220;1_2&#8243; _builder_version=&#8220;4.16&#8243; custom_padding=&#8220;|||&#8220; global_colors_info=&#8220;{}&#8220; custom_padding__hover=&#8220;|||&#8220;][et_pb_text _builder_version=&#8220;4.27.4&#8243; _module_preset=&#8220;1c8dc849-53ec-4450-8175-e9846c441cd1&#8243; text_font=&#8220;||||||||&#8220; text_font_size=&#8220;16px&#8220; text_line_height=&#8220;1.8em&#8220; header_font=&#8220;||||||||&#8220; header_text_align=&#8220;left&#8220; header_2_font=&#8220;||||||||&#8220; header_3_font=&#8220;||||||||&#8220; module_alignment=&#8220;center&#8220; custom_margin=&#8220;40px||||false|false&#8220; custom_margin_tablet=&#8220;0px||||false|false&#8220; custom_margin_phone=&#8220;0px||||false|false&#8220; custom_margin_last_edited=&#8220;on|phone&#8220; locked=&#8220;off&#8220; global_colors_info=&#8220;{}&#8220;]<\/p>\n<h2>Unser Usability Lab<\/h2>\n<p><span style=\"color: #6f6f6f;\">In Kooperation mit ergon.design und der TU Braunschweig betreiben wir das Usability Lab. Sie wollen mehr \u00fcber Eye-Tracking- Tests erfahren?<\/span><\/p>\n<p>[\/et_pb_text][et_pb_button button_url=&#8220;@ET-DC@eyJkeW5hbWljIjp0cnVlLCJjb250ZW50IjoicG9zdF9saW5rX3VybF9wYWdlIiwic2V0dGluZ3MiOnsicG9zdF9pZCI6IjE4MyJ9fQ==@&#8220; button_text=&#8220;Kontaktieren Sie uns&#8220; _builder_version=&#8220;4.25.1&#8243; _dynamic_attributes=&#8220;button_url&#8220; _module_preset=&#8220;default&#8220; background_layout=&#8220;dark&#8220; global_colors_info=&#8220;{}&#8220;][\/et_pb_button][\/et_pb_column][et_pb_column type=&#8220;1_2&#8243; _builder_version=&#8220;4.24.2&#8243; _module_preset=&#8220;default&#8220; global_colors_info=&#8220;{}&#8220;][et_pb_video src_webm=&#8220;https:\/\/www.passbrains.com\/wp-content\/uploads\/2024\/03\/20240125_User_Research_Lab_promovid-2.mp4&#8243; image_src=&#8220;https:\/\/www.passbrains.com\/wp-content\/uploads\/2024\/05\/user-research-lab-eye-tracking.jpg&#8220; _builder_version=&#8220;4.24.2&#8243; _module_preset=&#8220;default&#8220; animation_style=&#8220;slide&#8220; animation_intensity_slide=&#8220;10%&#8220; border_radii=&#8220;on|15px|15px|15px|15px&#8220; box_shadow_style=&#8220;preset1&#8243; global_colors_info=&#8220;{}&#8220;][\/et_pb_video][\/et_pb_column][\/et_pb_row][\/et_pb_section]<\/p>\n","protected":false},"excerpt":{"rendered":"<p>\u00dcber UnsWillkommen bei passbrains AG, Ihrem f\u00fchrenden Partner f\u00fcr innovative Software- und Hardware-Qualit\u00e4tssicherung mit Sitz in der Schweiz. Mit einem globalen Netzwerk von Experten, sind wir darauf spezialisiert, die h\u00f6chsten Standards in der Qualit\u00e4tssicherung und Testdienstleistungen zu setzen. Seit unserer Gr\u00fcndung 2011 haben wir uns dem Ziel verschrieben, unseren Kunden ma\u00dfgeschneiderte L\u00f6sungen zu bieten, die ihre individuellen Anforderungen optimal erf\u00fcllen. Seit 2020 sind wir Teil der msg-Gruppe. So konnten wir unser Portfolio an Dienstleistungen erweitern und nun in allen Bereichen von Software Testing, bspw. Automatisiertes Testen, Barrierefreiheitstests und Performance Tests, unterst\u00fctzen.Unsere Mission Unsere Mission ist es, Unternehmen dabei zu unterst\u00fctzen, ihre Software- und Hardwareprodukte zuverl\u00e4ssig und fehlerfrei auf den Markt zu bringen. Durch den Einsatz modernster Technologien und Methoden in der Qualit\u00e4tssicherung \u00fcberpr\u00fcfen wir, ob Ihre Produkte den h\u00f6chsten Qualit\u00e4tsanspr\u00fcchen gen\u00fcgen. Wir verstehen uns als Partner unserer Kunden und arbeiten eng mit ihnen zusammen, um ihre Ziele zu erreichen.Unser Team Unser Erfolg basiert auf unserem hochqualifizierten Team von Testenden und Expert:innen, die weltweit im Einsatz sind. Wir setzen auf kontinuierliche Weiterbildung und den Austausch von Best Practices, um stets auf dem neuesten Stand der Technik zu bleiben. Unsere Mitarbeitenden sind nicht nur spezialisiert in ihrem Fachgebiet, sondern auch passioniert im [&hellip;]<\/p>\n","protected":false},"author":5,"featured_media":0,"parent":0,"menu_order":0,"comment_status":"closed","ping_status":"closed","template":"","meta":{"_et_pb_use_builder":"on","_et_pb_old_content":"","_et_gb_content_width":"","footnotes":""},"class_list":["post-1404","page","type-page","status-publish","hentry"],"_links":{"self":[{"href":"https:\/\/www.passbrains.com\/en\/wp-json\/wp\/v2\/pages\/1404","targetHints":{"allow":["GET"]}}],"collection":[{"href":"https:\/\/www.passbrains.com\/en\/wp-json\/wp\/v2\/pages"}],"about":[{"href":"https:\/\/www.passbrains.com\/en\/wp-json\/wp\/v2\/types\/page"}],"author":[{"embeddable":true,"href":"https:\/\/www.passbrains.com\/en\/wp-json\/wp\/v2\/users\/5"}],"replies":[{"embeddable":true,"href":"https:\/\/www.passbrains.com\/en\/wp-json\/wp\/v2\/comments?post=1404"}],"version-history":[{"count":28,"href":"https:\/\/www.passbrains.com\/en\/wp-json\/wp\/v2\/pages\/1404\/revisions"}],"predecessor-version":[{"id":2602,"href":"https:\/\/www.passbrains.com\/en\/wp-json\/wp\/v2\/pages\/1404\/revisions\/2602"}],"wp:attachment":[{"href":"https:\/\/www.passbrains.com\/en\/wp-json\/wp\/v2\/media?parent=1404"}],"curies":[{"name":"wp","href":"https:\/\/api.w.org\/{rel}","templated":true}]}}