{"id":158,"date":"2024-02-21T15:30:06","date_gmt":"2024-02-21T14:30:06","guid":{"rendered":"https:\/\/wp.gutewen.de\/?page_id=158"},"modified":"2026-04-14T09:02:48","modified_gmt":"2026-04-14T07:02:48","slug":"services","status":"publish","type":"page","link":"https:\/\/www.passbrains.com\/en\/services\/","title":{"rendered":"Services"},"content":{"rendered":"<p>[et_pb_section fb_built=&#8220;1&#8243; custom_padding_last_edited=&#8220;off|desktop&#8220; admin_label=&#8220;Hero&#8220; _builder_version=&#8220;4.24.2&#8243; background_color=&#8220;RGBA(255,255,255,0)&#8220; background_enable_image=&#8220;off&#8220; background_video_mp4=&#8220;https:\/\/www.passbrains.com\/wp-content\/uploads\/2024\/05\/msg_passbrains_home_1920x800.webm&#8220; min_height=&#8220;750px&#8220; min_height_tablet=&#8220;750px&#8220; min_height_phone=&#8220;750px&#8220; min_height_last_edited=&#8220;on|phone&#8220; custom_padding=&#8220;||||false|false&#8220; box_shadow_style=&#8220;preset7&#8243; box_shadow_horizontal=&#8220;0px&#8220; box_shadow_vertical=&#8220;-100px&#8220; box_shadow_color=&#8220;#ffffff&#8220; global_colors_info=&#8220;{}&#8220;][et_pb_row custom_padding_last_edited=&#8220;on|tablet&#8220; _builder_version=&#8220;4.24.2&#8243; min_height=&#8220;300px&#8220; custom_padding=&#8220;150px||||false|false&#8220; custom_padding_tablet=&#8220;125px||||false|false&#8220; custom_padding_phone=&#8220;100px||||false|false&#8220; global_colors_info=&#8220;{}&#8220;][et_pb_column type=&#8220;4_4&#8243; _builder_version=&#8220;4.16&#8243; custom_padding=&#8220;||60px|&#8220; global_colors_info=&#8220;{}&#8220; custom_padding__hover=&#8220;|||&#8220;][et_pb_text _builder_version=&#8220;4.25.2&#8243; _module_preset=&#8220;1c8dc849-53ec-4450-8175-e9846c441cd1&#8243; text_font=&#8220;|600|||||||&#8220; text_font_size=&#8220;18px&#8220; text_line_height=&#8220;1.8em&#8220; header_font=&#8220;||||||||&#8220; header_2_font=&#8220;||||||||&#8220; header_5_text_color=&#8220;#FFFFFF&#8220; background_color=&#8220;rgba(111,111,111,0.3)&#8220; background_layout=&#8220;dark&#8220; max_width=&#8220;660px&#8220; module_alignment=&#8220;left&#8220; custom_padding=&#8220;20px|20px|10px|20px|false|false&#8220; header_font_size_tablet=&#8220;36px&#8220; border_radii=&#8220;on|15px|15px|15px|15px&#8220; global_colors_info=&#8220;{}&#8220;]<\/p>\n<h5>CROWDTESTING<\/h5>\n<h1>Unsere Services auf einen Blick<\/h1>\n<p>[\/et_pb_text][et_pb_button button_url=&#8220;@ET-DC@eyJkeW5hbWljIjp0cnVlLCJjb250ZW50IjoicG9zdF9saW5rX3VybF9wYWdlIiwic2V0dGluZ3MiOnsicG9zdF9pZCI6IjE4MyJ9fQ==@&#8220; button_text=&#8220;Kontaktieren Sie uns&#8220; _builder_version=&#8220;4.25.1&#8243; _dynamic_attributes=&#8220;button_url&#8220; _module_preset=&#8220;default&#8220; background_layout=&#8220;dark&#8220; global_colors_info=&#8220;{}&#8220;][\/et_pb_button][\/et_pb_column][\/et_pb_row][\/et_pb_section][et_pb_section fb_built=&#8220;1&#8243; disabled_on=&#8220;off|off|off&#8220; admin_label=&#8220;Problem and Solution&#8220; _builder_version=&#8220;4.24.2&#8243; background_color=&#8220;#FFFFFF&#8220; custom_padding=&#8220;||||false|false&#8220; global_colors_info=&#8220;{}&#8220;][et_pb_row column_structure=&#8220;1_4,1_4,1_4,1_4&#8243; _builder_version=&#8220;4.24.2&#8243; _module_preset=&#8220;default&#8220; background_last_edited=&#8220;on|phone&#8220; global_colors_info=&#8220;{}&#8220;][et_pb_column type=&#8220;1_4&#8243; _builder_version=&#8220;4.24.2&#8243; _module_preset=&#8220;default&#8220; global_colors_info=&#8220;{}&#8220;][\/et_pb_column][et_pb_column type=&#8220;1_4&#8243; _builder_version=&#8220;4.24.2&#8243; _module_preset=&#8220;default&#8220; global_colors_info=&#8220;{}&#8220;][et_pb_blurb title=&#8220;User Experience&#8220; image=&#8220;https:\/\/www.passbrains.com\/wp-content\/uploads\/2024\/04\/undraw_mobile_ux_re_59hr.png&#8220; alt=&#8220;Illustration einer Person, die vor einem \u00fcbergro\u00dfen Smartphone steht und eine Benutzeroberfl\u00e4che betrachtet, die verschiedene Optionen und Informationen anzeigt.&#8220; image_icon_width=&#8220;150px&#8220; _builder_version=&#8220;4.27.5&#8243; _module_preset=&#8220;default&#8220; header_font=&#8220;|600|||||||&#8220; header_font_size=&#8220;18px&#8220; body_line_height=&#8220;1.8em&#8220; min_height=&#8220;525px&#8220; min_height_tablet=&#8220;525px&#8220; min_height_phone=&#8220;525px&#8220; min_height_last_edited=&#8220;on|tablet&#8220; custom_margin=&#8220;|-20px||-20px|false|false&#8220; custom_margin_tablet=&#8220;|0px||-20px|false|false&#8220; custom_margin_phone=&#8220;|||0px|false|false&#8220; custom_margin_last_edited=&#8220;on|desktop&#8220; custom_padding=&#8220;30px|30px|0px|30px|false|false&#8220; animation_style=&#8220;slide&#8220; animation_intensity_slide=&#8220;10%&#8220; border_radii=&#8220;on|15px|15px|15px|15px&#8220; border_radii_image=&#8220;on|15px|15px|15px|15px&#8220; border_color_all_image=&#8220;rgba(0,0,0,0.1)&#8220; box_shadow_style=&#8220;preset1&#8243; global_colors_info=&#8220;{}&#8220;]<\/p>\n<p>1. UX-Research<br \/>&#8211; <a href=\"https:\/\/www.passbrains.com\/services\/user-experience\/#qualitative-usability-studie\">Qualitative Usability-Studie<\/a><br \/>&#8211; <a href=\"https:\/\/www.passbrains.com\/services\/user-experience\/#quantitative-usability-studie\">Quantitative Usability-Studie<\/a><br \/>&#8211; <a href=\"https:\/\/www.passbrains.com\/services\/user-experience\/a-b-testing\/\">A\/B-Test<\/a><br \/>2. Usability-Tests<br \/>&#8211; <a href=\"https:\/\/www.passbrains.com\/services\/user-experience\/#moderierter-usability-test-remote\">Moderierter Usability-Test<\/a><br \/>&#8211; <a href=\"https:\/\/www.passbrains.com\/services\/user-experience\/#usability-test-mit-think-aloud-video\">Think-Aloud-Video<\/a><br \/>&#8211; <a href=\"https:\/\/www.passbrains.com\/services\/user-experience\/#card-sorting-tree-test\">Card Sorting \/ Tree-Test<\/a><br \/>3. <a href=\"https:\/\/www.passbrains.com\/services\/customer-experience\/accessibility-testing\/\">Barrierefreiheitstest<\/a><\/p>\n<p>[\/et_pb_blurb][et_pb_button button_url=&#8220;@ET-DC@eyJkeW5hbWljIjp0cnVlLCJjb250ZW50IjoicG9zdF9saW5rX3VybF9wYWdlIiwic2V0dGluZ3MiOnsicG9zdF9pZCI6IjQwMyJ9fQ==@&#8220; button_text=&#8220;Zu den UX Tests&#8220; button_alignment=&#8220;center&#8220; _builder_version=&#8220;4.25.1&#8243; _dynamic_attributes=&#8220;button_url&#8220; _module_preset=&#8220;default&#8220; custom_button=&#8220;on&#8220; button_text_color=&#8220;#A01441&#8243; button_bg_color=&#8220;#FFFFFF&#8220; button_border_width=&#8220;1px&#8220; background_layout=&#8220;dark&#8220; custom_margin_tablet=&#8220;||20px||false|false&#8220; custom_margin_phone=&#8220;||20px||false|false&#8220; custom_margin_last_edited=&#8220;on|phone&#8220; global_colors_info=&#8220;{}&#8220;][\/et_pb_button][\/et_pb_column][et_pb_column type=&#8220;1_4&#8243; _builder_version=&#8220;4.24.2&#8243; _module_preset=&#8220;default&#8220; global_colors_info=&#8220;{}&#8220;][et_pb_blurb title=&#8220;Quality Assurance&#8220; image=&#8220;https:\/\/www.passbrains.com\/wp-content\/uploads\/2024\/04\/undraw_product_iteration_kjok.png&#8220; alt=&#8220;Illustration einer Person im Anzug, die neben einem Kreis aus f\u00fcnf Symbolen steht, die verschiedene Aspekte der Qualit\u00e4tssicherung darstellen, wie Bug-Tests, Lokalisierung und Performance.&#8220; image_icon_width=&#8220;165px&#8220; _builder_version=&#8220;4.27.5&#8243; _module_preset=&#8220;default&#8220; header_font=&#8220;|600|||||||&#8220; header_font_size=&#8220;18px&#8220; min_height=&#8220;525px&#8220; min_height_tablet=&#8220;525px&#8220; min_height_phone=&#8220;525px&#8220; min_height_last_edited=&#8220;on|phone&#8220; custom_margin=&#8220;|-20px||-20px|false|false&#8220; custom_margin_tablet=&#8220;|0px|||false|false&#8220; custom_margin_phone=&#8220;|||0px|false|false&#8220; custom_margin_last_edited=&#8220;on|desktop&#8220; custom_padding=&#8220;30px|30px|0px|30px|false|false&#8220; animation_style=&#8220;slide&#8220; animation_delay=&#8220;200ms&#8220; animation_intensity_slide=&#8220;10%&#8220; border_radii=&#8220;on|15px|15px|15px|15px&#8220; border_radii_image=&#8220;on|15px|15px|15px|15px&#8220; border_color_all_image=&#8220;rgba(0,0,0,0.1)&#8220; box_shadow_style=&#8220;preset1&#8243; global_colors_info=&#8220;{}&#8220;]<\/p>\n<p>1. Bug-Tests<br \/>&#8211; <a href=\"https:\/\/www.passbrains.com\/services\/quality-assurance\/#explorativer-bug-test\">Explorativer Bug-Test<\/a><br \/>&#8211; <a href=\"https:\/\/www.passbrains.com\/services\/quality-assurance\/#strukturierter-bug-test\">Strukturierter Bug-Test<\/a><br \/>&#8211; <a href=\"https:\/\/www.passbrains.com\/services\/quality-assurance\/#lokalisierungstest\">Lokalisierungstest<\/a><br \/>&#8211; <a href=\"https:\/\/www.passbrains.com\/services\/quality-assurance\/regressionstest\/\">Regressionstest<\/a><br \/>&#8211; <a href=\"https:\/\/www.passbrains.com\/services\/quality-assurance\/#bug-bounty\">Bug Bounty<\/a><br \/>&#8211; <a href=\"https:\/\/www.passbrains.com\/services\/quality-assurance\/#payment-test\">Payment-Test<\/a><br \/>2. <a href=\"https:\/\/www.passbrains.com\/services\/quality-assurance\/load-performance-testing\/\">Performancetests<\/a><br \/>3. <a href=\"https:\/\/www.passbrains.com\/services\/quality-assurance\/ai-testing\/\">KI- &amp; Chatbot-Training<\/a><\/p>\n<p>[\/et_pb_blurb][et_pb_button button_url=&#8220;@ET-DC@eyJkeW5hbWljIjp0cnVlLCJjb250ZW50IjoicG9zdF9saW5rX3VybF9wYWdlIiwic2V0dGluZ3MiOnsicG9zdF9pZCI6IjY4NSJ9fQ==@&#8220; button_text=&#8220;Zu den QA Tests&#8220; button_alignment=&#8220;center&#8220; _builder_version=&#8220;4.25.1&#8243; _dynamic_attributes=&#8220;button_url&#8220; _module_preset=&#8220;default&#8220; custom_button=&#8220;on&#8220; button_text_color=&#8220;#A01441&#8243; button_bg_color=&#8220;#FFFFFF&#8220; button_border_width=&#8220;1px&#8220; background_layout=&#8220;dark&#8220; custom_margin_tablet=&#8220;&#8220; custom_margin_phone=&#8220;||20px||false|false&#8220; custom_margin_last_edited=&#8220;on|phone&#8220; global_colors_info=&#8220;{}&#8220;][\/et_pb_button][\/et_pb_column][et_pb_column type=&#8220;1_4&#8243; _builder_version=&#8220;4.24.2&#8243; _module_preset=&#8220;default&#8220; global_colors_info=&#8220;{}&#8220;][\/et_pb_column][\/et_pb_row][\/et_pb_section][et_pb_section fb_built=&#8220;1&#8243; admin_label=&#8220;Overview&#8220; _builder_version=&#8220;4.24.2&#8243; background_color=&#8220;#FAFAFC&#8220; custom_padding=&#8220;||||false|false&#8220; global_colors_info=&#8220;{}&#8220;][et_pb_row column_structure=&#8220;1_2,1_2&#8243; _builder_version=&#8220;4.16&#8243; global_colors_info=&#8220;{}&#8220;][et_pb_column type=&#8220;1_2&#8243; _builder_version=&#8220;4.16&#8243; custom_padding=&#8220;|||&#8220; global_colors_info=&#8220;{}&#8220; custom_padding__hover=&#8220;|||&#8220;][et_pb_text _builder_version=&#8220;4.25.2&#8243; _module_preset=&#8220;1c8dc849-53ec-4450-8175-e9846c441cd1&#8243; text_font=&#8220;||||||||&#8220; text_font_size=&#8220;16px&#8220; text_line_height=&#8220;1.8em&#8220; header_font=&#8220;||||||||&#8220; header_2_font=&#8220;||||||||&#8220; header_3_font=&#8220;||||||||&#8220; max_width=&#8220;700px&#8220; module_alignment=&#8220;center&#8220; global_colors_info=&#8220;{}&#8220;]<\/p>\n<h2>Echte User Insights f\u00fcr optimale Kundenerlebnisse<\/h2>\n<p>In der Welt digitaler Innovationen entscheidet ein Moment \u00fcber Erfolg oder Misserfolg Ihres Produkts. Unvoreingenommenes Nutzer-\u200bFeedback ist dabei der Schl\u00fcssel. Mit msg.passbrains heben Sie die Benutzerfreundlichkeit Ihrer digitalen Angebote auf ein neues Level. Wir analysieren echte Nutzerinteraktionen auf verschiedenen Ger\u00e4ten und in realen Anwendungsszenarien.<\/p>\n<p>Unser Fokus liegt auf der Optimierung von <strong>User Experience<\/strong>,<strong> Customer Experience <\/strong>und<strong> Quality Assurance<\/strong>. Ben\u00f6tigen Sie spezielle Tests im Umfeld von Barrierefreiheit, Bezahlvorg\u00e4ngen oder vor Ort im Labor? Unsere Expertinnen und Experten unterst\u00fctzen Sie. Nutzen Sie die Schwarmintelligenz unserer Community f\u00fcr ultimative, digitale Erfahrungen Ihrer Kunden.<\/p>\n<p>[\/et_pb_text][\/et_pb_column][et_pb_column type=&#8220;1_2&#8243; _builder_version=&#8220;4.16&#8243; custom_padding=&#8220;|||&#8220; global_colors_info=&#8220;{}&#8220; custom_padding__hover=&#8220;|||&#8220;][et_pb_image src=&#8220;https:\/\/www.passbrains.com\/wp-content\/uploads\/2024\/05\/echte-user-insights-fuer-optimale-kundenerlebnisse.jpg&#8220; alt=&#8220;Fr\u00f6hliches Team junger Fachkr\u00e4fte im modernen B\u00fcro, symbolisiert die Gewinnung wertvoller Nutzer-Insights und die Optimierung der Benutzerfreundlichkeit digitaler Angebote.&#8220; title_text=&#8220;echte-user-insights-fuer-optimale-kundenerlebnisse&#8220; align_tablet=&#8220;center&#8220; align_phone=&#8220;center&#8220; align_last_edited=&#8220;on|desktop&#8220; _builder_version=&#8220;4.24.2&#8243; custom_margin=&#8220;70px|||20px|false|false&#8220; animation_style=&#8220;slide&#8220; animation_direction=&#8220;right&#8220; animation_intensity_slide=&#8220;10%&#8220; border_radii=&#8220;on|15px|15px|15px|15px&#8220; box_shadow_style=&#8220;preset1&#8243; global_colors_info=&#8220;{}&#8220;][\/et_pb_image][\/et_pb_column][\/et_pb_row][\/et_pb_section][et_pb_section fb_built=&#8220;1&#8243; admin_label=&#8220;Results&#8220; _builder_version=&#8220;4.24.2&#8243; background_enable_color=&#8220;off&#8220; custom_padding=&#8220;||||false|false&#8220; global_colors_info=&#8220;{}&#8220;][et_pb_row _builder_version=&#8220;4.16&#8243; custom_padding=&#8220;27px|0px|27px|0px&#8220; locked=&#8220;off&#8220; global_colors_info=&#8220;{}&#8220;][et_pb_column type=&#8220;4_4&#8243; _builder_version=&#8220;4.16&#8243; custom_padding=&#8220;|||&#8220; global_colors_info=&#8220;{}&#8220; custom_padding__hover=&#8220;|||&#8220;][et_pb_text _builder_version=&#8220;4.25.2&#8243; _module_preset=&#8220;1c8dc849-53ec-4450-8175-e9846c441cd1&#8243; text_font=&#8220;||||||||&#8220; text_font_size=&#8220;16px&#8220; text_line_height=&#8220;1.8em&#8220; header_font=&#8220;||||||||&#8220; header_2_font=&#8220;||||||||&#8220; header_3_font=&#8220;||||||||&#8220; text_orientation=&#8220;center&#8220; max_width=&#8220;700px&#8220; module_alignment=&#8220;center&#8220; global_colors_info=&#8220;{}&#8220;]<\/p>\n<h2>Volle Unterst\u00fctzung entlang des gesamten Produktlebenszyklus<\/h2>\n<p>Gerne begleiten wir Sie w\u00e4hrend des gesamten Lebenszyklus bei der Verbesserung Ihrer digitalen Produkte und Services auf dem Weg zu gr\u00f6\u00dferem Markterfolg.<\/p>\n<p>[\/et_pb_text][\/et_pb_column][\/et_pb_row][et_pb_row column_structure=&#8220;1_3,1_3,1_3&#8243; _builder_version=&#8220;4.24.2&#8243; _module_preset=&#8220;default&#8220; global_colors_info=&#8220;{}&#8220;][et_pb_column type=&#8220;1_3&#8243; _builder_version=&#8220;4.24.2&#8243; _module_preset=&#8220;default&#8220; global_colors_info=&#8220;{}&#8220;][et_pb_blurb title=&#8220;Individuelle Befragungen&#8220; image=&#8220;https:\/\/www.passbrains.com\/wp-content\/uploads\/2024\/05\/individuelle-befragungen.jpg&#8220; alt=&#8220;Frau mit Brille diskutiert mit Kollegen in einem B\u00fcro, symbolisiert die Entwicklung qualitativ hochwertiger Frageb\u00f6gen und die Durchf\u00fchrung von Befragungen w\u00e4hrend des gesamten Produktlebenszyklus.&#8220; image_icon_width_tablet=&#8220;&#8220; image_icon_width_phone=&#8220;&#8220; image_icon_width_last_edited=&#8220;on|phone&#8220; _builder_version=&#8220;4.24.2&#8243; _module_preset=&#8220;default&#8220; header_level=&#8220;h3&#8243; header_font=&#8220;|600|||||||&#8220; header_font_size=&#8220;22px&#8220; animation_style=&#8220;slide&#8220; animation_intensity_slide=&#8220;10%&#8220; border_radii_image=&#8220;on|15px|15px|15px|15px&#8220; box_shadow_style_image=&#8220;preset1&#8243; global_colors_info=&#8220;{}&#8220;]<\/p>\n<ul>\n<li>Entwicklung qualitativ hochwertiger Frageb\u00f6gen<\/li>\n<li>Durchf\u00fchrung von Befragungen entlang des gesamten Produktlebenszyklus und zu unterschiedlichen Phasen Ihrer Studie<\/li>\n<\/ul>\n<p>[\/et_pb_blurb][\/et_pb_column][et_pb_column type=&#8220;1_3&#8243; _builder_version=&#8220;4.24.2&#8243; _module_preset=&#8220;default&#8220; global_colors_info=&#8220;{}&#8220;][et_pb_blurb title=&#8220;Abrufbare Echtzeitanalysen&#8220; image=&#8220;https:\/\/www.passbrains.com\/wp-content\/uploads\/2024\/05\/abrufbare-echtzeitanalysen.jpg&#8220; alt=&#8220;Frau und Mann analysieren Daten auf Computern, symbolisiert die M\u00f6glichkeit, Studienergebnisse in Echtzeit abzurufen und die klare Darstellung von Daten und Analysen.&#8220; _builder_version=&#8220;4.24.2&#8243; _module_preset=&#8220;default&#8220; header_level=&#8220;h3&#8243; header_font=&#8220;|600|||||||&#8220; header_font_size=&#8220;22px&#8220; animation_style=&#8220;slide&#8220; animation_delay=&#8220;100ms&#8220; animation_intensity_slide=&#8220;10%&#8220; border_radii_image=&#8220;on|15px|15px|15px|15px&#8220; box_shadow_style_image=&#8220;preset1&#8243; global_colors_info=&#8220;{}&#8220;]<\/p>\n<ul>\n<li>Stets aktueller Stand Ihrer Studienergebnisse, jederzeit abruf- und nutzbar<\/li>\n<li>Klare und \u00fcbersichtliche Darstellung von Daten und Analysen<\/li>\n<\/ul>\n<p>[\/et_pb_blurb][\/et_pb_column][et_pb_column type=&#8220;1_3&#8243; _builder_version=&#8220;4.24.2&#8243; _module_preset=&#8220;default&#8220; global_colors_info=&#8220;{}&#8220;][et_pb_blurb title=&#8220;Schnelle Ergebnisse&#8220; image=&#8220;https:\/\/www.passbrains.com\/wp-content\/uploads\/2024\/05\/schnelle-ergebnisse.jpg&#8220; alt=&#8220;Nahaufnahme von H\u00e4nden, die auf einen Laptop-Bildschirm mit Diagrammen und Datenvisualisierungen zeigen, symbolisiert schnelle Benachrichtigung und faire Entlohnung der Studienteilnehmenden sowie effiziente Bearbeitung der Umfrageergebnisse.&#8220; _builder_version=&#8220;4.24.2&#8243; _module_preset=&#8220;default&#8220; header_level=&#8220;h3&#8243; header_font=&#8220;|600|||||||&#8220; header_font_size=&#8220;22px&#8220; animation_style=&#8220;slide&#8220; animation_delay=&#8220;200ms&#8220; animation_intensity_slide=&#8220;10%&#8220; border_radii_image=&#8220;on|15px|15px|15px|15px&#8220; box_shadow_style_image=&#8220;preset1&#8243; global_colors_info=&#8220;{}&#8220;]<\/p>\n<ul>\n<li>Benachrichtigung der Studienteilnehmenden, sobald eine neue Umfrage vorliegt<\/li>\n<li>Faire Bewertung und Entlohnung der Teilnehmenden nach Einreichen ihrer Arbeitsergebnisse<\/li>\n<\/ul>\n<p>[\/et_pb_blurb][\/et_pb_column][\/et_pb_row][\/et_pb_section][et_pb_section fb_built=&#8220;1&#8243; admin_label=&#8220;Testimonial&#8220; _builder_version=&#8220;4.24.2&#8243; background_color=&#8220;#FAFAFC&#8220; custom_padding=&#8220;50px||50px||false|false&#8220; global_colors_info=&#8220;{}&#8220;][et_pb_row column_structure=&#8220;1_2,1_2&#8243; module_class=&#8220; et_pb_row_fullwidth&#8220; _builder_version=&#8220;4.25.2&#8243; width_tablet=&#8220;80%&#8220; width_phone=&#8220;80%&#8220; width_last_edited=&#8220;on|desktop&#8220; max_width_tablet=&#8220;80%&#8220; max_width_phone=&#8220;80%&#8220; max_width_last_edited=&#8220;on|desktop&#8220; custom_margin=&#8220;||||false|false&#8220; make_fullwidth=&#8220;on&#8220; global_colors_info=&#8220;{}&#8220;][et_pb_column type=&#8220;1_2&#8243; _builder_version=&#8220;4.16&#8243; custom_padding=&#8220;|||&#8220; global_colors_info=&#8220;{}&#8220; custom_padding__hover=&#8220;|||&#8220;][et_pb_text _builder_version=&#8220;4.25.2&#8243; _module_preset=&#8220;1c8dc849-53ec-4450-8175-e9846c441cd1&#8243; custom_padding=&#8220;||||false|false&#8220; global_colors_info=&#8220;{}&#8220;]<\/p>\n<h2>msg.passbrains: Die optimale Unterst\u00fctzung f\u00fcr Ihre digitalen Produkte<\/h2>\n<p>In unserer schnelllebigen und dynamischen Welt ist es wichtiger denn je, digitale Produkte und Anwendungen mit echten Nutzenden und auf echten Ger\u00e4ten zu testen. Mit msg.passbrains k\u00f6nnen Sie wertvolle Einblicke gewinnen, Probleme fr\u00fchzeitig erkennen und Ihre Produkte und Dienstleistungen an die Bed\u00fcrfnisse Ihrer Nutzenden anpassen.<br \/>Sie wollen mehr erfahren?<\/p>\n<p>[\/et_pb_text][et_pb_button button_url=&#8220;@ET-DC@eyJkeW5hbWljIjp0cnVlLCJjb250ZW50IjoicG9zdF9saW5rX3VybF9wYWdlIiwic2V0dGluZ3MiOnsicG9zdF9pZCI6IjE4MyJ9fQ==@&#8220; button_text=&#8220;Kontaktieren Sie uns&#8220; _builder_version=&#8220;4.25.1&#8243; _dynamic_attributes=&#8220;button_url&#8220; _module_preset=&#8220;default&#8220; background_layout=&#8220;dark&#8220; global_colors_info=&#8220;{}&#8220;][\/et_pb_button][\/et_pb_column][et_pb_column type=&#8220;1_2&#8243; _builder_version=&#8220;4.16&#8243; custom_padding=&#8220;|||&#8220; global_colors_info=&#8220;{}&#8220; custom_padding__hover=&#8220;|||&#8220;][et_pb_video src=&#8220;https:\/\/www.youtube.com\/watch?v=XG3iyUo1_p8&#8243; _builder_version=&#8220;4.25.2&#8243; _module_preset=&#8220;default&#8220; width=&#8220;100%&#8220; height=&#8220;100%&#8220; custom_margin=&#8220;35px||||false|false&#8220; custom_margin_tablet=&#8220;||||false|false&#8220; custom_margin_phone=&#8220;||||false|false&#8220; custom_margin_last_edited=&#8220;on|desktop&#8220; custom_padding=&#8220;||||false|false&#8220; animation_style=&#8220;slide&#8220; animation_intensity_slide=&#8220;10%&#8220; border_radii=&#8220;on|15px|15px|15px|15px&#8220; box_shadow_style=&#8220;preset1&#8243; global_colors_info=&#8220;{}&#8220;][\/et_pb_video][\/et_pb_column][\/et_pb_row][\/et_pb_section]<\/p>\n","protected":false},"excerpt":{"rendered":"<p>CROWDTESTING Unsere Services auf einen Blick1. UX-Research- Qualitative Usability-Studie- Quantitative Usability-Studie- A\/B-Test2. Usability-Tests- Moderierter Usability-Test- Think-Aloud-Video- Card Sorting \/ Tree-Test3. Barrierefreiheitstest1. Bug-Tests- Explorativer Bug-Test- Strukturierter Bug-Test- Lokalisierungstest- Regressionstest- Bug Bounty- Payment-Test2. Performancetests3. KI- &amp; Chatbot-TrainingEchte User Insights f\u00fcr optimale Kundenerlebnisse In der Welt digitaler Innovationen entscheidet ein Moment \u00fcber Erfolg oder Misserfolg Ihres Produkts. Unvoreingenommenes Nutzer-\u200bFeedback ist dabei der Schl\u00fcssel. Mit msg.passbrains heben Sie die Benutzerfreundlichkeit Ihrer digitalen Angebote auf ein neues Level. Wir analysieren echte Nutzerinteraktionen auf verschiedenen Ger\u00e4ten und in realen Anwendungsszenarien. Unser Fokus liegt auf der Optimierung von User Experience, Customer Experience und Quality Assurance. Ben\u00f6tigen Sie spezielle Tests im Umfeld von Barrierefreiheit, Bezahlvorg\u00e4ngen oder vor Ort im Labor? Unsere Expertinnen und Experten unterst\u00fctzen Sie. Nutzen Sie die Schwarmintelligenz unserer Community f\u00fcr ultimative, digitale Erfahrungen Ihrer Kunden.Volle Unterst\u00fctzung entlang des gesamten Produktlebenszyklus Gerne begleiten wir Sie w\u00e4hrend des gesamten Lebenszyklus bei der Verbesserung Ihrer digitalen Produkte und Services auf dem Weg zu gr\u00f6\u00dferem Markterfolg. Entwicklung qualitativ hochwertiger Frageb\u00f6gen Durchf\u00fchrung von Befragungen entlang des gesamten Produktlebenszyklus und zu unterschiedlichen Phasen Ihrer Studie Stets aktueller Stand Ihrer Studienergebnisse, jederzeit abruf- und nutzbar Klare und \u00fcbersichtliche Darstellung von Daten und Analysen Benachrichtigung der Studienteilnehmenden, sobald eine neue Umfrage vorliegt Faire [&hellip;]<\/p>\n","protected":false},"author":5,"featured_media":0,"parent":0,"menu_order":0,"comment_status":"closed","ping_status":"closed","template":"","meta":{"_et_pb_use_builder":"on","_et_pb_old_content":"","_et_gb_content_width":"","footnotes":""},"class_list":["post-158","page","type-page","status-publish","hentry"],"_links":{"self":[{"href":"https:\/\/www.passbrains.com\/en\/wp-json\/wp\/v2\/pages\/158","targetHints":{"allow":["GET"]}}],"collection":[{"href":"https:\/\/www.passbrains.com\/en\/wp-json\/wp\/v2\/pages"}],"about":[{"href":"https:\/\/www.passbrains.com\/en\/wp-json\/wp\/v2\/types\/page"}],"author":[{"embeddable":true,"href":"https:\/\/www.passbrains.com\/en\/wp-json\/wp\/v2\/users\/5"}],"replies":[{"embeddable":true,"href":"https:\/\/www.passbrains.com\/en\/wp-json\/wp\/v2\/comments?post=158"}],"version-history":[{"count":101,"href":"https:\/\/www.passbrains.com\/en\/wp-json\/wp\/v2\/pages\/158\/revisions"}],"predecessor-version":[{"id":2983,"href":"https:\/\/www.passbrains.com\/en\/wp-json\/wp\/v2\/pages\/158\/revisions\/2983"}],"wp:attachment":[{"href":"https:\/\/www.passbrains.com\/en\/wp-json\/wp\/v2\/media?parent=158"}],"curies":[{"name":"wp","href":"https:\/\/api.w.org\/{rel}","templated":true}]}}