{"id":2519,"date":"2025-06-16T09:53:57","date_gmt":"2025-06-16T07:53:57","guid":{"rendered":"https:\/\/www.passbrains.com\/?page_id=2519"},"modified":"2025-06-18T12:50:40","modified_gmt":"2025-06-18T10:50:40","slug":"accessibility-statement","status":"publish","type":"page","link":"https:\/\/www.passbrains.com\/en\/accessibility-statement\/","title":{"rendered":"Accessibility Statement"},"content":{"rendered":"<p>[et_pb_section fb_built=&#8220;1&#8243; _builder_version=&#8220;4.24.2&#8243; _module_preset=&#8220;default&#8220; background_color=&#8220;#FFFFFF&#8220; global_colors_info=&#8220;{}&#8220;][et_pb_row _builder_version=&#8220;4.24.2&#8243; _module_preset=&#8220;default&#8220; global_colors_info=&#8220;{}&#8220;][et_pb_column type=&#8220;4_4&#8243; _builder_version=&#8220;4.24.2&#8243; _module_preset=&#8220;default&#8220; global_colors_info=&#8220;{}&#8220;][et_pb_text _builder_version=&#8220;4.27.4&#8243; _module_preset=&#8220;1c8dc849-53ec-4450-8175-e9846c441cd1&#8243; header_text_color=&#8220;#A01441&#8243; header_2_text_color=&#8220;#000000&#8243; hover_enabled=&#8220;0&#8243; header_font_size_tablet=&#8220;36px&#8220; global_colors_info=&#8220;{}&#8220; sticky_enabled=&#8220;0&#8243;]<\/p>\n<h1>Barrierefreiheitserkl\u00e4rung<\/h1>\n<p><span data-contrast=\"auto\">Wir sind bem\u00fcht, die Webseite <\/span><b><span data-contrast=\"auto\">\u201e<\/span><\/b><a href=\"https:\/\/www.passbrains.com\/\"><b><span data-contrast=\"none\">https:\/\/www.passbrains.com<\/span><\/b><\/a><b><span data-contrast=\"auto\">\/\u201c<\/span><\/b><span data-contrast=\"auto\"> barrierefrei zug\u00e4nglich zu machen. Rechtsgrundlage sind das Behindertengleichstellungsgesetz (BGG) und die Barrierefreie Informationstechnik-Verordnung (BITV 2.1) in ihrer jeweils g\u00fcltigen Fassung.<\/span><span data-contrast=\"auto\"><\/span><span data-contrast=\"auto\"><\/span><span data-ccp-props=\"{&quot;201341983&quot;:0,&quot;335557856&quot;:16777215,&quot;335559738&quot;:240,&quot;335559739&quot;:240,&quot;335559740&quot;:360}\"><\/span><\/p>\n<p><span data-contrast=\"auto\"><\/span><\/p>\n<p><span data-contrast=\"auto\"><\/span><\/p>\n<div class=\"text-section \">\n<h2><span data-contrast=\"auto\">Wie barrierefrei ist das Angebot?<\/span><\/h2>\n<p><span data-contrast=\"auto\">Diese Webseite ist nicht vollst\u00e4ndig barrierefrei, damit werden die Anforderungen der BITV 2.1 nicht vollst\u00e4ndig erf\u00fcllt.<\/span><span data-ccp-props=\"{&quot;201341983&quot;:0,&quot;335557856&quot;:16777215,&quot;335559738&quot;:240,&quot;335559739&quot;:240,&quot;335559740&quot;:360}\"><\/span><span data-contrast=\"auto\"><\/span><\/p>\n<p><span data-contrast=\"auto\"><\/span><\/p>\n<h2 aria-level=\"3\"><span data-contrast=\"auto\">Welche Bereiche sind nicht barrierefrei?<\/span><\/h2>\n<p><span data-contrast=\"auto\">Die \u00dcberpr\u00fcfung der Einhaltung der Anforderungen beruht auf dem Pr\u00fcfergebnis vom 12. Juni 2025. Im Rahmen der \u00dcberpr\u00fcfung wurden die folgenden Bereiche als nicht-barrierefrei identifiziert:<\/span><\/p>\n<ul>\n<li><span style=\"color: #6f6f6f;\">7.1.1 Wiedergabe von Untertiteln<\/span><\/li>\n<li><span style=\"color: #6f6f6f;\">9.1.1.1 Nicht \u2013 Text- Inhalte<\/span><\/li>\n<li><span style=\"color: #6f6f6f;\">9.1.2.2 Aufgezeichnete Videos mit Untertiteln<\/span><\/li>\n<li><span style=\"color: #6f6f6f;\">9.1.2.3 Audiodeskription oder Volltext-Alternative f\u00fcr Videos<\/span><\/li>\n<li><span style=\"color: #6f6f6f;\">9.1.2.5 Audiodeskription f\u00fcr Videos<\/span><\/li>\n<li><span style=\"color: #6f6f6f;\"><a href=\"bookmark:\/\/_EN9.1.3.1:_Info_und\" style=\"color: #6f6f6f;\">9.1.3.1 Info und Beziehungen<\/a><\/span><\/li>\n<li><span style=\"color: #6f6f6f;\">9.1.4.1 Ohne Farbe nutzbar<\/span><\/li>\n<li><span style=\"color: #6f6f6f;\">9.1.4.10 Inhalte brechen um<\/span><\/li>\n<li><span style=\"color: #6f6f6f;\">9.1.4.13 Eingeblendete Inhalte bedienbar<\/span><\/li>\n<li><span style=\"color: #6f6f6f;\"><a href=\"bookmark:\/\/_EN9.2.1.1_Ohne_Maus\" style=\"color: #6f6f6f;\">9.2.1.1 Ohne Maus nutzbar<\/a><\/span><\/li>\n<li><span style=\"color: #6f6f6f;\"><a href=\"bookmark:\/\/_EN9.2.4.7_Aktuelle_Position\" style=\"color: #6f6f6f;\">9.2.4.7 Aktuelle Position des Fokus deutlich<\/a><\/span><\/li>\n<li><span style=\"color: #6f6f6f;\">9.2.5.3 Sichtbare Beschriftung Teil des zug\u00e4nglichen Namens<\/span><\/li>\n<li><span style=\"color: #6f6f6f;\">9.3.3.3 Hilfe bei Fehlern<\/span><\/li>\n<li><span style=\"color: #6f6f6f;\">9.4.1.2 Name, Rolle, Wert verf\u00fcgbar<\/span><\/li>\n<li><span style=\"color: #6f6f6f;\">11.7 Benutzerdefinierte Einstellungen<\/span><\/li>\n<\/ul>\n<p><span data-contrast=\"auto\">Die Barrierefreiheit ist Bestandteil des gegenw\u00e4rtigen Entwicklungsprozesses. Wir arbeiten daran, die noch vorhandenen Barrieren zu beheben.<\/span><\/p>\n<p><span data-contrast=\"auto\">Diese Erkl\u00e4rung wurde am 13.06.2025 erstellt.<\/span><span data-ccp-props=\"{&quot;201341983&quot;:0,&quot;335557856&quot;:16777215,&quot;335559738&quot;:240,&quot;335559739&quot;:240,&quot;335559740&quot;:360}\"><\/span><\/p>\n<p><span data-contrast=\"auto\"><\/span><\/p>\n<h2><span data-contrast=\"auto\">Feedback und Kontakt<\/span><\/h2>\n<p><span data-contrast=\"auto\">Sind Ihnen M\u00e4ngel beim barrierefreien Zugang zu Inhalten von aufgefallen? Oder haben Sie Fragen zum Thema Barrierefreiheit? Dann k\u00f6nnen Sie sich gerne bei uns melden.<\/span><\/p>\n<p><span data-contrast=\"auto\">Sie k\u00f6nnen uns auch per Post, E-Mail oder telefonisch kontaktieren:<\/span><\/p>\n<p><a href=\"mailto:team@passbrains.com\"><span data-contrast=\"none\">team@passbrains.com<\/span><\/a><br \/><b><span data-contrast=\"auto\">passbrains ag<\/span><\/b><span data-ccp-props=\"{&quot;134233117&quot;:false,&quot;134233118&quot;:false,&quot;201341983&quot;:0,&quot;335557856&quot;:16777215,&quot;335559738&quot;:0,&quot;335559739&quot;:0,&quot;335559740&quot;:240}\"><br \/><\/span><span data-contrast=\"auto\">Thurgauerstrasse 39<\/span><span data-ccp-props=\"{&quot;134233117&quot;:false,&quot;134233118&quot;:false,&quot;201341983&quot;:0,&quot;335557856&quot;:16777215,&quot;335559738&quot;:0,&quot;335559739&quot;:0,&quot;335559740&quot;:240}\"><br \/><\/span><span data-contrast=\"auto\">CH-8050 Z\u00fcrich<\/span><\/p>\n<p><span data-contrast=\"auto\"><\/span><\/p>\n<p><span data-contrast=\"auto\"><\/span><\/p>\n<\/div>\n<div class=\"text-section \">\n<div data-testid=\"uc-embed-service\">\n<div class=\"uc-embed-subelement\">\n<div class=\"text-section \">\n<p>Version 15.06.2025<\/p>\n<\/div>\n<\/div>\n<\/div>\n<\/div>\n<p>[\/et_pb_text][\/et_pb_column][\/et_pb_row][\/et_pb_section]<\/p>\n","protected":false},"excerpt":{"rendered":"<p>Barrierefreiheitserkl\u00e4rung Wir sind bem\u00fcht, die Webseite \u201ehttps:\/\/www.passbrains.com\/\u201c barrierefrei zug\u00e4nglich zu machen. Rechtsgrundlage sind das Behindertengleichstellungsgesetz (BGG) und die Barrierefreie Informationstechnik-Verordnung (BITV 2.1) in ihrer jeweils g\u00fcltigen Fassung. Wie barrierefrei ist das Angebot? Diese Webseite ist nicht vollst\u00e4ndig barrierefrei, damit werden die Anforderungen der BITV 2.1 nicht vollst\u00e4ndig erf\u00fcllt. Welche Bereiche sind nicht barrierefrei? Die \u00dcberpr\u00fcfung der Einhaltung der Anforderungen beruht auf dem Pr\u00fcfergebnis vom 12. Juni 2025. Im Rahmen der \u00dcberpr\u00fcfung wurden die folgenden Bereiche als nicht-barrierefrei identifiziert: 7.1.1 Wiedergabe von Untertiteln 9.1.1.1 Nicht \u2013 Text- Inhalte 9.1.2.2 Aufgezeichnete Videos mit Untertiteln 9.1.2.3 Audiodeskription oder Volltext-Alternative f\u00fcr Videos 9.1.2.5 Audiodeskription f\u00fcr Videos 9.1.3.1 Info und Beziehungen 9.1.4.1 Ohne Farbe nutzbar 9.1.4.10 Inhalte brechen um 9.1.4.13 Eingeblendete Inhalte bedienbar 9.2.1.1 Ohne Maus nutzbar 9.2.4.7 Aktuelle Position des Fokus deutlich 9.2.5.3 Sichtbare Beschriftung Teil des zug\u00e4nglichen Namens 9.3.3.3 Hilfe bei Fehlern 9.4.1.2 Name, Rolle, Wert verf\u00fcgbar 11.7 Benutzerdefinierte Einstellungen Die Barrierefreiheit ist Bestandteil des gegenw\u00e4rtigen Entwicklungsprozesses. Wir arbeiten daran, die noch vorhandenen Barrieren zu beheben. Diese Erkl\u00e4rung wurde am 13.06.2025 erstellt. Feedback und Kontakt Sind Ihnen M\u00e4ngel beim barrierefreien Zugang zu Inhalten von aufgefallen? Oder haben Sie Fragen zum Thema Barrierefreiheit? Dann k\u00f6nnen Sie sich gerne bei uns melden. Sie k\u00f6nnen uns [&hellip;]<\/p>\n","protected":false},"author":5,"featured_media":0,"parent":0,"menu_order":0,"comment_status":"closed","ping_status":"closed","template":"","meta":{"_et_pb_use_builder":"on","_et_pb_old_content":"","_et_gb_content_width":"","footnotes":""},"class_list":["post-2519","page","type-page","status-publish","hentry"],"_links":{"self":[{"href":"https:\/\/www.passbrains.com\/en\/wp-json\/wp\/v2\/pages\/2519","targetHints":{"allow":["GET"]}}],"collection":[{"href":"https:\/\/www.passbrains.com\/en\/wp-json\/wp\/v2\/pages"}],"about":[{"href":"https:\/\/www.passbrains.com\/en\/wp-json\/wp\/v2\/types\/page"}],"author":[{"embeddable":true,"href":"https:\/\/www.passbrains.com\/en\/wp-json\/wp\/v2\/users\/5"}],"replies":[{"embeddable":true,"href":"https:\/\/www.passbrains.com\/en\/wp-json\/wp\/v2\/comments?post=2519"}],"version-history":[{"count":12,"href":"https:\/\/www.passbrains.com\/en\/wp-json\/wp\/v2\/pages\/2519\/revisions"}],"predecessor-version":[{"id":2539,"href":"https:\/\/www.passbrains.com\/en\/wp-json\/wp\/v2\/pages\/2519\/revisions\/2539"}],"wp:attachment":[{"href":"https:\/\/www.passbrains.com\/en\/wp-json\/wp\/v2\/media?parent=2519"}],"curies":[{"name":"wp","href":"https:\/\/api.w.org\/{rel}","templated":true}]}}